{"id":5503,"date":"2024-12-17T15:54:31","date_gmt":"2024-12-17T20:54:31","guid":{"rendered":"https:\/\/tapisguylaberge.ca\/produit\/schluter-fast-set\/"},"modified":"2024-12-17T15:55:26","modified_gmt":"2024-12-17T20:55:26","slug":"schluter-fast-set","status":"publish","type":"product","link":"https:\/\/tapisguylaberge.ca\/en\/produit\/schluter-fast-set\/","title":{"rendered":"Schluter FAST-SET\u00ae"},"content":{"rendered":"<p>https:\/\/www.schluter.ca\/schluter-ca\/fr_CA\/Produits-d%27installation\/Schluter-FAST-SET%C2%AE\/p\/SET_FAST-SET?facets=false<\/p>\n","protected":false},"excerpt":{"rendered":"<p>Ciment-colle sp\u00e9cialis\u00e9 \u00e0 prise rapide<\/p>\n","protected":false},"featured_media":4523,"comment_status":"closed","ping_status":"open","template":"","meta":[],"product_brand":[],"product_cat":[113,114],"product_tag":[],"class_list":{"0":"post-5503","1":"product","2":"type-product","3":"status-publish","4":"has-post-thumbnail","6":"product_cat-installation-products-installation-products","7":"product_cat-schulter-system","9":"first","10":"instock","11":"product-type-simple"},"_links":{"self":[{"href":"https:\/\/tapisguylaberge.ca\/en\/wp-json\/wp\/v2\/product\/5503","targetHints":{"allow":["GET"]}}],"collection":[{"href":"https:\/\/tapisguylaberge.ca\/en\/wp-json\/wp\/v2\/product"}],"about":[{"href":"https:\/\/tapisguylaberge.ca\/en\/wp-json\/wp\/v2\/types\/product"}],"replies":[{"embeddable":true,"href":"https:\/\/tapisguylaberge.ca\/en\/wp-json\/wp\/v2\/comments?post=5503"}],"version-history":[{"count":0,"href":"https:\/\/tapisguylaberge.ca\/en\/wp-json\/wp\/v2\/product\/5503\/revisions"}],"wp:featuredmedia":[{"embeddable":true,"href":"https:\/\/tapisguylaberge.ca\/en\/wp-json\/wp\/v2\/media\/4523"}],"wp:attachment":[{"href":"https:\/\/tapisguylaberge.ca\/en\/wp-json\/wp\/v2\/media?parent=5503"}],"wp:term":[{"taxonomy":"product_brand","embeddable":true,"href":"https:\/\/tapisguylaberge.ca\/en\/wp-json\/wp\/v2\/product_brand?post=5503"},{"taxonomy":"product_cat","embeddable":true,"href":"https:\/\/tapisguylaberge.ca\/en\/wp-json\/wp\/v2\/product_cat?post=5503"},{"taxonomy":"product_tag","embeddable":true,"href":"https:\/\/tapisguylaberge.ca\/en\/wp-json\/wp\/v2\/product_tag?post=5503"}],"curies":[{"name":"wp","href":"https:\/\/api.w.org\/{rel}","templated":true}]}}